{"id":22,"date":"2017-09-19T20:10:18","date_gmt":"2017-09-19T18:10:18","guid":{"rendered":"http:\/\/yqw1589.phpnet.org\/wordpress\/wordpress\/?page_id=22"},"modified":"2018-12-22T17:40:38","modified_gmt":"2018-12-22T16:40:38","slug":"contacts","status":"publish","type":"page","link":"http:\/\/amfac60.org\/?page_id=22","title":{"rendered":"Contacts"},"content":{"rendered":"<p>Les r\u00e9unions hebdomadaires de l&rsquo;association se d\u00e9roulent le vendredi soir (hors jours f\u00e9ri\u00e9s), de 20h \u00e0 22h \u00e0 la salle des associations <span style=\"display: inline !important; float: none; background-color: transparent; color: #333333; cursor: text; font-family: Georgia,'Times New Roman','Bitstream Charter',Times,serif; font-size: 16px; font-style: normal; font-variant: normal; font-weight: 400; letter-spacing: normal; orphans: 2; text-align: left; text-decoration: none; text-indent: 0px; text-transform: none; -webkit-text-stroke-width: 0px; white-space: normal; word-spacing: 0px;\">Claude ROLLET<\/span> (quartier Lef\u00e9bure) &#8211; Boulevard Lef\u00e9bure &#8211; 60500 CHANTILLY<\/p>\n<p>Pour nous contacter :<\/p>\n<p style=\"padding-left: 30px;\">AMFAC 60<\/p>\n<p style=\"padding-left: 30px;\">29 rue Guilleminot<\/p>\n<p style=\"padding-left: 30px;\">60500 CHANTILLY<\/p>\n<p style=\"padding-left: 30px;\">amfac60@outlook.fr<\/p>\n","protected":false},"excerpt":{"rendered":"<p>Les r\u00e9unions hebdomadaires de l&rsquo;association se d\u00e9roulent le vendredi soir (hors jours f\u00e9ri\u00e9s), de 20h \u00e0 22h \u00e0 la salle des associations Claude ROLLET (quartier Lef\u00e9bure) &#8211; Boulevard Lef\u00e9bure &#8211;&#8230; <a class=\"read-more\" href=\"http:\/\/amfac60.org\/?page_id=22\">[Continuer la lecture]<\/a><\/p>\n","protected":false},"author":1,"featured_media":0,"parent":0,"menu_order":1,"comment_status":"closed","ping_status":"closed","template":"","meta":[],"_links":{"self":[{"href":"http:\/\/amfac60.org\/index.php?rest_route=\/wp\/v2\/pages\/22"}],"collection":[{"href":"http:\/\/amfac60.org\/index.php?rest_route=\/wp\/v2\/pages"}],"about":[{"href":"http:\/\/amfac60.org\/index.php?rest_route=\/wp\/v2\/types\/page"}],"author":[{"embeddable":true,"href":"http:\/\/amfac60.org\/index.php?rest_route=\/wp\/v2\/users\/1"}],"replies":[{"embeddable":true,"href":"http:\/\/amfac60.org\/index.php?rest_route=%2Fwp%2Fv2%2Fcomments&post=22"}],"version-history":[{"count":4,"href":"http:\/\/amfac60.org\/index.php?rest_route=\/wp\/v2\/pages\/22\/revisions"}],"predecessor-version":[{"id":182,"href":"http:\/\/amfac60.org\/index.php?rest_route=\/wp\/v2\/pages\/22\/revisions\/182"}],"wp:attachment":[{"href":"http:\/\/amfac60.org\/index.php?rest_route=%2Fwp%2Fv2%2Fmedia&parent=22"}],"curies":[{"name":"wp","href":"https:\/\/api.w.org\/{rel}","templated":true}]}}